{"id":7946,"date":"2022-05-07T09:53:14","date_gmt":"2022-05-07T07:53:14","guid":{"rendered":"https:\/\/cretanart.webnestors.com\/?page_id=7946"},"modified":"2025-05-13T10:20:29","modified_gmt":"2025-05-13T08:20:29","slug":"terms-conditions","status":"publish","type":"page","link":"https:\/\/cretanart.gr\/fr\/terms-conditions\/","title":{"rendered":"conditions g\u00e9n\u00e9rales"},"content":{"rendered":"<p><strong>G\u00c9N\u00c9RALIT\u00c9S<\/strong><\/p>\n\n\n\n<p>L'utilisation des pages \u00e9lectroniques et des services mis \u00e0 la disposition du visiteur\/utilisateur par le site web www.cretanart.gr appartenant \u00e0 \"Cretan Art Productions Artistic Activities I.K.E.\" ci-apr\u00e8s d\u00e9nomm\u00e9e \"la soci\u00e9t\u00e9\", implique l'acceptation inconditionnelle des conditions d'utilisation suivantes, qui s'appliquent \u00e0 l'ensemble du contenu de ce site web. Par cons\u00e9quent, le visiteur\/utilisateur doit lire attentivement ces conditions avant d'utiliser les services du site web et, s'il n'est pas d'accord, il ne doit pas utiliser les services et leur contenu. Le visiteur\/utilisateur est pri\u00e9 de v\u00e9rifier le contenu des conditions d'utilisation pour s'assurer qu'elles n'ont pas \u00e9t\u00e9 modifi\u00e9es. La poursuite de l'utilisation du site web www.cretanart.edu.gr, m\u00eame apr\u00e8s d'\u00e9ventuelles modifications, signifie l'acceptation inconditionnelle de ces conditions par le visiteur\/utilisateur.<\/p>\n\n\n\n<p><strong>CONDITIONS G\u00c9N\u00c9RALES<\/strong><\/p>\n\n\n\n<p>L'objectif de notre entreprise est de fournir le meilleur service possible \u00e0 nos clients. Ce site permet \u00e0 nos clients et \u00e0 tous les internautes d'\u00eatre directement inform\u00e9s sur les produits propos\u00e9s par notre soci\u00e9t\u00e9.<\/p>\n\n\n\n<p><strong>PROPRI\u00c9T\u00c9 INTELLECTUELLE<\/strong><\/p>\n\n\n\n<p><strong>Droits de propri\u00e9t\u00e9 intellectuelle et marque<\/strong><\/p>\n\n\n\n<p>La conception des pages web du site, les textes, les graphiques, la s\u00e9lection et les param\u00e8tres du site sont la propri\u00e9t\u00e9 intellectuelle de notre soci\u00e9t\u00e9 et sont prot\u00e9g\u00e9s conform\u00e9ment aux dispositions pertinentes du droit grec, du droit europ\u00e9en et des conventions internationales. Tous droits r\u00e9serv\u00e9s, tout texte ou image ou marque, sont enregistr\u00e9s et utilis\u00e9s dans cette boutique en ligne, avec la permission de leurs propri\u00e9taires respectifs.<\/p>\n\n\n\n<p><strong>PROTECTION DES DONN\u00c9ES PERSONNELLES<\/strong><\/p>\n\n\n\n<p>Vous pouvez voir comment nous utilisons vos informations dans notre d\u00e9claration de confidentialit\u00e9 (politique de confidentialit\u00e9). L'utilisation des pages \u00e9lectroniques et des services mis \u00e0 la disposition du visiteur\/utilisateur par le site web www.cretanart.edu.gr implique son accord inconditionnel avec les termes \u00e9nonc\u00e9s dans la pr\u00e9sente politique de confidentialit\u00e9.<\/p>\n\n\n\n<p><strong>D\u00c9CLARATION DE PROTECTION DES DONN\u00c9ES PERSONNELLES<\/strong><\/p>\n\n\n\n<p>Afin d'effectuer toute transaction avec notre soci\u00e9t\u00e9, la divulgation de certaines donn\u00e9es personnelles du client sera demand\u00e9e. Lors de la r\u00e9alisation de la transaction, votre nom complet, votre adresse personnelle, le num\u00e9ro d'un t\u00e9l\u00e9phone de contact et votre adresse \u00e9lectronique vous seront demand\u00e9s.<\/p>\n\n\n\n<p><strong>MES DONN\u00c9ES PEUVENT-ELLES \u00caTRE DIVULGU\u00c9ES \u00c0 DES TIERS\/AUTRES ENTREPRISES ?<\/strong><\/p>\n\n\n\n<p>Ces donn\u00e9es sont trait\u00e9es par l'entreprise conform\u00e9ment \u00e0 l'application de la directive europ\u00e9enne sur la protection des donn\u00e9es de 1995 (DPD), ainsi que du r\u00e8glement g\u00e9n\u00e9ral sur la protection des donn\u00e9es de l'UE (RGPD) applicable \u00e0 partir du 25 mai 2018. Pour plus de d\u00e9tails, veuillez consulter la d\u00e9claration de confidentialit\u00e9 (politique de confidentialit\u00e9) sur ce site web.<br>Notre soci\u00e9t\u00e9 utilise les informations que vous nous communiquez lors de la soumission en ligne du formulaire afin de vous contacter au sujet de<\/p>\n\n\n\n<ol class=\"wp-block-list\">\n<li>les programmes d'\u00e9tudes de notre entreprise<\/li>\n\n\n\n<li>les offres sp\u00e9ciales et les nouvelles de notre entreprise<\/li>\n\n\n\n<li>les produits nouveaux ou alternatifs propos\u00e9s par notre soci\u00e9t\u00e9<\/li>\n\n\n\n<li>la confirmation et l'identification du client dans tous les cas n\u00e9cessaires<\/li>\n<\/ol>\n\n\n\n<p>L'enregistrement de vos donn\u00e9es personnelles signifie que vous consentez \u00e0 l'utilisation de ces donn\u00e9es par notre soci\u00e9t\u00e9 aux fins \u00e9nonc\u00e9es dans la d\u00e9claration de confidentialit\u00e9 (politique de confidentialit\u00e9).<\/p>\n\n\n\n<p><strong>S\u00c9CURIT\u00c9<\/strong><\/p>\n\n\n\n<p>Le protocole Secure Sockets Layer (SSL) est actuellement la norme mondiale sur Internet pour authentifier les sites Web aupr\u00e8s des utilisateurs en ligne et pour crypter les donn\u00e9es entre les utilisateurs en ligne et les serveurs Web.Une communication SSL crypt\u00e9e exige que toutes les informations envoy\u00e9es entre un client et un serveur soient crypt\u00e9es par le logiciel d'envoi et d\u00e9crypt\u00e9es par le logiciel de r\u00e9ception, ce qui prot\u00e8ge les informations personnelles pendant la transmission et garantit qu'elles ne sont pas transmises au serveur. En outre, toutes les informations envoy\u00e9es \u00e0 l'aide du protocole SSL sont prot\u00e9g\u00e9es par un m\u00e9canisme qui v\u00e9rifie automatiquement si les donn\u00e9es ont \u00e9t\u00e9 modifi\u00e9es en cours de route.<br><\/p>\n\n\n\n<p><strong>INSCRIPTION VIA LE SITE WEB<\/strong><\/p>\n\n\n\n<p>Pour s'inscrire \u00e0 l'un des programmes d'\u00e9tudes de notre entreprise par le biais du site web www.cretanart.edu.gr, les \u00e9l\u00e9ments suivants sont requis :<\/p>\n\n\n\n<ol class=\"wp-block-list\">\n<li>Le remplissage du formulaire sp\u00e9cial avec les donn\u00e9es d'enregistrement n\u00e9cessaires<\/li>\n\n\n\n<li>Acceptation inconditionnelle des termes de l'accord d'enregistrement et des conditions d'utilisation.<\/li>\n<\/ol>\n\n\n\n<p>Si votre inscription en ligne est r\u00e9ussie, vous recevrez un e-mail, puis nous vous appellerons sur votre t\u00e9l\u00e9phone de contact pour confirmation. Notre soci\u00e9t\u00e9 n'est pas responsable au cas o\u00f9 vous auriez saisi vos coordonn\u00e9es de mani\u00e8re incorrecte, ce qui rendrait impossible de vous contacter.<\/p>","protected":false},"excerpt":{"rendered":"<p>\u0393\u0395\u039d\u0399\u039a\u0391 \u0397 \u03c7\u03c1\u03ae\u03c3\u03b7 \u03c4\u03c9\u03bd \u03b7\u03bb\u03b5\u03ba\u03c4\u03c1\u03bf\u03bd\u03b9\u03ba\u03ce\u03bd \u03c3\u03b5\u03bb\u03af\u03b4\u03c9\u03bd \u03ba\u03b1\u03b9 \u03c5\u03c0\u03b7\u03c1\u03b5\u03c3\u03b9\u03ce\u03bd \u03c0\u03bf\u03cd \u03c0\u03b1\u03c1\u03ad\u03c7\u03bf\u03bd\u03c4\u03b1\u03b9 \u03c3\u03c4\u03bf\u03bd \u03b5\u03c0\u03b9\u03c3\u03ba\u03ad\u03c0\u03c4\u03b7\/\u03c7\u03c1\u03ae\u03c3\u03c4\u03b7, \u03b1\u03c0\u03cc \u03c4\u03bf\u03bd \u03b9\u03c3\u03c4\u03cc\u03c4\u03bf\u03c0\u03bf www.cretanart.gr \u03b9\u03b4\u03b9\u03bf\u03ba\u03c4\u03b7\u03c3\u03af\u03b1\u03c2 \u03c4\u03b7\u03c2 \u00abCretan Art Productions \u039a\u03b1\u03bb\u03bb\u03b9\u03c4\u03b5\u03c7\u03bd\u03b9\u03ba\u03ad\u03c2 \u0394\u03c1\u03b1\u03c3\u03c4\u03b7\u03c1\u03b9\u03cc\u03c4\u03b7\u03c4\u03b5\u03c2 \u0399.\u039a.\u0395.\u00bb \u03b5\u03c6\u03b5\u03be\u03ae\u03c2 \u00ab\u03b7 \u03b5\u03c4\u03b1\u03b9\u03c1\u03b5\u03af\u03b1\u00bb, \u03c0\u03c1\u03bf\u03cb\u03c0\u03bf\u03b8\u03ad\u03c4\u03b5\u03b9 \u03c4\u03b7\u03bd \u03b1\u03bd\u03b5\u03c0\u03b9\u03c6\u03cd\u03bb\u03b1\u03ba\u03c4\u03b7 \u03c3\u03c5\u03bc\u03c6\u03c9\u03bd\u03af\u03b1 \u03c3\u03b1\u03c2 \u03bc\u03b5 \u03c4\u03bf\u03c5\u03c2 \u03c0\u03b1\u03c1\u03b1\u03ba\u03ac\u03c4\u03c9 \u03cc\u03c1\u03bf\u03c5\u03c2 \u03c7\u03c1\u03ae\u03c3\u03b7\u03c2, \u03c0\u03bf\u03c5 \u03b9\u03c3\u03c7\u03cd\u03bf\u03c5\u03bd \u03b3\u03b9\u03b1 \u03c4\u03bf \u03c3\u03cd\u03bd\u03bf\u03bb\u03bf \u03c4\u03bf\u03c5 \u03c0\u03b5\u03c1\u03b9\u03b5\u03c7\u03bf\u03bc\u03ad\u03bd\u03bf\u03c5 \u03c4\u03bf\u03c5 \u03c3\u03c5\u03b3\u03ba\u03b5\u03ba\u03c1\u03b9\u03bc\u03ad\u03bd\u03bf\u03c5 \u03b9\u03c3\u03c4\u03cc\u03c4\u03bf\u03c0\u03bf\u03c5. \u03a3\u03c5\u03bd\u03b5\u03c0\u03ce\u03c2, \u03bf \u03b5\u03c0\u03b9\u03c3\u03ba\u03ad\u03c0\u03c4\u03b7\u03c2\/\u03c7\u03c1\u03ae\u03c3\u03c4\u03b7\u03c2 \u03bf\u03c6\u03b5\u03af\u03bb\u03b5\u03b9 \u03bd\u03b1 \u03b4\u03b9\u03b1\u03b2\u03ac\u03c3\u03b5\u03b9 \u03c0\u03c1\u03bf\u03c3\u03b5\u03ba\u03c4\u03b9\u03ba\u03ac \u03c4\u03bf\u03c5\u03c2 [&hellip;]<\/p>\n","protected":false},"author":1,"featured_media":19321,"parent":0,"menu_order":0,"comment_status":"closed","ping_status":"closed","template":"","meta":{"footnotes":""},"class_list":["post-7946","page","type-page","status-publish","has-post-thumbnail","hentry"],"blocksy_meta":{"styles_descriptor":{"styles":{"desktop":"","tablet":"","mobile":""},"google_fonts":[],"version":6}},"_links":{"self":[{"href":"https:\/\/cretanart.gr\/fr\/wp-json\/wp\/v2\/pages\/7946","targetHints":{"allow":["GET"]}}],"collection":[{"href":"https:\/\/cretanart.gr\/fr\/wp-json\/wp\/v2\/pages"}],"about":[{"href":"https:\/\/cretanart.gr\/fr\/wp-json\/wp\/v2\/types\/page"}],"author":[{"embeddable":true,"href":"https:\/\/cretanart.gr\/fr\/wp-json\/wp\/v2\/users\/1"}],"replies":[{"embeddable":true,"href":"https:\/\/cretanart.gr\/fr\/wp-json\/wp\/v2\/comments?post=7946"}],"version-history":[{"count":2,"href":"https:\/\/cretanart.gr\/fr\/wp-json\/wp\/v2\/pages\/7946\/revisions"}],"predecessor-version":[{"id":19314,"href":"https:\/\/cretanart.gr\/fr\/wp-json\/wp\/v2\/pages\/7946\/revisions\/19314"}],"wp:featuredmedia":[{"embeddable":true,"href":"https:\/\/cretanart.gr\/fr\/wp-json\/wp\/v2\/media\/19321"}],"wp:attachment":[{"href":"https:\/\/cretanart.gr\/fr\/wp-json\/wp\/v2\/media?parent=7946"}],"curies":[{"name":"wp","href":"https:\/\/api.w.org\/{rel}","templated":true}]}}