{"id":3,"date":"2021-06-26T08:23:22","date_gmt":"2021-06-26T08:23:22","guid":{"rendered":"https:\/\/cretanart.webnestors.com\/?page_id=3"},"modified":"2025-05-14T15:23:58","modified_gmt":"2025-05-14T13:23:58","slug":"privacy-policy","status":"publish","type":"page","link":"https:\/\/cretanart.gr\/fr\/privacy-policy\/","title":{"rendered":"politique de confidentialit\u00e9"},"content":{"rendered":"<p>L'utilisation des pages \u00e9lectroniques et des services fournis au visiteur\/utilisateur par le site web www.cretanart.gr appartenant \u00e0 \"Cretan Art Productions Artistic Activities I.K.E.\" ci-apr\u00e8s d\u00e9nomm\u00e9e \"l'entreprise\", implique l'acceptation inconditionnelle de la politique de confidentialit\u00e9 sur la protection des donn\u00e9es personnelles de ce site web. Par cons\u00e9quent, le visiteur\/utilisateur doit lire attentivement le contenu de cette page avant d'utiliser les services de notre site web. S'il n'est pas d'accord, il doit quitter le site et NE PAS utiliser ses services et son contenu.<br>La pr\u00e9sente politique de confidentialit\u00e9 peut \u00eatre modifi\u00e9e de temps \u00e0 autre en fonction de la l\u00e9gislation ou de l'\u00e9volution du secteur. Nous n'informerons pas explicitement nos clients ou les utilisateurs de notre site web de ces changements. Au lieu de cela, nous vous encourageons \u00e0 consulter occasionnellement cette page pour prendre connaissance des modifications apport\u00e9es \u00e0 la pr\u00e9sente politique de confidentialit\u00e9. En continuant \u00e0 utiliser le site web www.cretanart.gr, m\u00eame apr\u00e8s toute modification de la politique de confidentialit\u00e9, vous acceptez inconditionnellement ces conditions.<\/p>\n\n\n\n<p>Protection des donn\u00e9es \u00e0 caract\u00e8re personnel<\/p>\n\n\n\n<p>Nous ne collectons et ne traitons vos donn\u00e9es personnelles que lorsque cela est absolument n\u00e9cessaire.<br>Nous ne vendrons, ne louerons, ne distribuerons ni ne divulguerons en aucune fa\u00e7on vos donn\u00e9es personnelles.<br>Si vous avez moins de 16 ans, vous DEVEZ avoir le consentement de vos parents avant d'utiliser les services de ce site web.<\/p>\n\n\n\n<p>L\u00e9gislation pertinente<\/p>\n\n\n\n<p>Avec nos syst\u00e8mes informatiques internes, ce site web est con\u00e7u pour se conformer aux lois\/r\u00e9glementations concernant la protection des donn\u00e9es personnelles des utilisateurs :<\/p>\n\n\n\n<ol class=\"wp-block-list\">\n<li>Directive europ\u00e9enne sur la protection des donn\u00e9es de 1995 (DPD)<\/li>\n\n\n\n<li>R\u00e8glement g\u00e9n\u00e9ral de l'UE sur la protection des donn\u00e9es 2018 (RGPD)<\/li>\n<\/ol>\n\n\n\n<p>Informations personnelles recueillies par ce site et pourquoi nous les recueillons<\/p>\n\n\n\n<p>Ce site web recueille et utilise des informations personnelles aux fins suivantes :<\/p>\n\n\n\n<p>Suivi du trafic du site web<\/p>\n\n\n\n<p>Comme la plupart des sites web, celui-ci utilise Google Analytics (GA) pour suivre l'activit\u00e9 des utilisateurs. Nous utilisons ces donn\u00e9es pour d\u00e9terminer le nombre de personnes qui utilisent notre site, pour mieux comprendre comment elles trouvent et utilisent nos sites web, et pour voir leur parcours sur le site. Bien que GA enregistre des donn\u00e9es telles que votre emplacement g\u00e9ographique, votre appareil, votre navigateur internet et votre syst\u00e8me d'exploitation, aucune de ces informations ne nous permet de vous conna\u00eetre personnellement. GA enregistre \u00e9galement l'adresse IP de votre ordinateur, qui pourrait \u00eatre utilis\u00e9e pour vous identifier, mais Google ne nous permet pas d'y avoir acc\u00e8s. Nous consid\u00e9rons que Google est un contr\u00f4leur de donn\u00e9es tiers conforme aux exigences de la l\u00e9gislation europ\u00e9enne.<\/p>\n\n\n\n<p>Formulaires de contact et liens e-mail<\/p>\n\n\n\n<p>Si vous choisissez de nous contacter en utilisant un formulaire de contact ou un lien \u00e9lectronique, aucune des donn\u00e9es que vous fournissez ne sera stock\u00e9e par ce site web ou transf\u00e9r\u00e9e ou trait\u00e9e par un processeur de donn\u00e9es tiers, tel que d\u00e9fini ci-dessous dans la section \"Nos processeurs de donn\u00e9es tiers\". En revanche, ces donn\u00e9es nous seront envoy\u00e9es par un message \u00e9lectronique via le protocole SMTP (Simple Mail Transfer Protocol). Nos serveurs SMTP sont prot\u00e9g\u00e9s par le protocole de s\u00e9curit\u00e9 TLS (parfois appel\u00e9 SSL), ce qui signifie que le contenu du courrier \u00e9lectronique est crypt\u00e9 avant d'\u00eatre envoy\u00e9 sur l'internet. Le contenu des e-mails est d\u00e9crypt\u00e9 par nos ordinateurs et appareils locaux.<\/p>\n\n\n\n<p>A propos des cookies<\/p>\n\n\n\n<p>Qu'est-ce qu'un cookie ?<\/p>\n\n\n\n<p>Le terme \"cookie\" fait r\u00e9f\u00e9rence \u00e0 un petit fichier de donn\u00e9es compos\u00e9 uniquement d'une s\u00e9rie d'informations textuelles que le site web transf\u00e8re au navigateur web situ\u00e9 sur le disque dur de votre ordinateur, soit temporairement pendant votre visite, soit parfois pour des p\u00e9riodes plus longues, selon le type de cookie. Les cookies remplissent diverses fonctions (par exemple, ils vous distinguent des autres visiteurs du m\u00eame site web ou se souviennent de certaines choses vous concernant, comme vos pr\u00e9f\u00e9rences) et sont utilis\u00e9s par la plupart des sites web pour am\u00e9liorer votre exp\u00e9rience en tant qu'utilisateur.<br>Chaque cookie est unique \u00e0 votre navigateur et contient certaines informations anonymes. Un cookie contient g\u00e9n\u00e9ralement le nom du domaine d'o\u00f9 provient le cookie, la \"dur\u00e9e de vie\" du cookie et une valeur (g\u00e9n\u00e9ralement sous la forme d'un num\u00e9ro unique g\u00e9n\u00e9r\u00e9 de mani\u00e8re al\u00e9atoire).<\/p>\n\n\n\n<p>Types de cookies<\/p>\n\n\n\n<p>Les principaux types de cookies que les sites web peuvent utiliser sont d\u00e9crits ci-dessous :<\/p>\n\n\n\n<ul class=\"wp-block-list\">\n<li>Cookies de session Ce sont des cookies temporaires qui restent dans le fichier de cookies de votre navigateur sur votre appareil uniquement pendant votre visite et sont supprim\u00e9s lorsque vous fermez le navigateur.<\/li>\n\n\n\n<li>Cookies persistants Ils restent dans le fichier de cookies du navigateur de votre appareil m\u00eame apr\u00e8s la fermeture du navigateur, parfois pendant un an ou plus (la dur\u00e9e exacte de s\u00e9jour d\u00e9pend de la dur\u00e9e de vie de chaque cookie).Les cookies persistants sont utilis\u00e9s lorsque l'administrateur du site web peut avoir besoin de savoir qui vous \u00eates pour plus d'une visite (par exemple, pour se souvenir de votre nom d'utilisateur ou de vos pr\u00e9f\u00e9rences pour la configuration du site web).<\/li>\n\n\n\n<li>Cookies de premi\u00e8re partie Ce sont des cookies qui sont install\u00e9s dans votre navigateur et\/ou sur le disque dur de votre appareil par le site web que vous visitez. Cela implique l'attribution d'un identifiant unique \u00e0 votre personne dans le but de suivre votre navigation sur le site web. Les op\u00e9rateurs de sites web utilisent souvent des cookies de premi\u00e8re partie pour g\u00e9rer les visites et \u00e0 des fins d'identification.<\/li>\n\n\n\n<li>Cookies tiers Il s'agit de cookies utilis\u00e9s par des tiers, tels que les r\u00e9seaux sociaux, pour suivre vos visites sur les diff\u00e9rents sites web sur lesquels ils font de la publicit\u00e9. L'administrateur du site n'a aucun contr\u00f4le sur ces cookies tiers.<\/li>\n<\/ul>\n\n\n\n<p>Cookies sur ce site et comment les g\u00e9rer<\/p>\n\n\n\n<p>Sur ce site web, nous utilisons des cookies pour am\u00e9liorer l'exp\u00e9rience d'utilisation du site pour ses visiteurs. La fonctionnalit\u00e9 du site web sera consid\u00e9rablement affect\u00e9e si vous d\u00e9sactivez ou n'acceptez pas l'utilisation de cookies.<br>Vous trouverez ci-dessous des informations sur les cookies tiers que nous utilisons sur ce site web, y compris la mani\u00e8re de les d\u00e9sactiver et l'effet de leur d\u00e9sactivation sur le fonctionnement du site web. Si vous souhaitez obtenir plus d'informations sur la mani\u00e8re de g\u00e9rer certains types de cookies, y compris sur la mani\u00e8re de les contr\u00f4ler ou de les supprimer, veuillez consulter le site :&nbsp;<a href=\"http:\/\/www.aboutcookies.org\/\" target=\"_blank\" rel=\"noreferrer noopener\">www.aboutcookies.org&nbsp;<\/a>.<\/p>\n\n\n\n<p>Cookies Google Analytics<\/p>\n\n\n\n<p>Les cookies Google Analytics sont des cookies d'analyse\/de suivi des performances qui nous permettent de collecter des informations anonymes sur la fa\u00e7on dont les visiteurs utilisent notre site Web. Ces cookies peuvent nous renseigner sur le nombre de visiteurs qui utilisent le site, l'heure et la dur\u00e9e de l'acc\u00e8s, et nous fournir des informations sur la fa\u00e7on dont les visiteurs naviguent vers les diff\u00e9rentes parties du site. Ces informations nous aident \u00e0 am\u00e9liorer le fonctionnement de notre site web. Il s'agit d'informations anonymes qui ne contiennent aucune donn\u00e9e personnelle.<br>Les informations collect\u00e9es par les cookies de Google Analytics concernant notre site web sont transf\u00e9r\u00e9es et stock\u00e9es sur les serveurs de Google conform\u00e9ment \u00e0 la politique de confidentialit\u00e9 de Google.<br>Pour plus d'informations concernant Google Analytics, veuillez cliquer sur&nbsp;<a href=\"https:\/\/support.google.com\/analytics\/answer\/6004245\" target=\"_blank\" rel=\"noreferrer noopener\">https:\/\/support.google.com\/analytics\/answer\/6004245<\/a><br>Vous pouvez d\u00e9sactiver le suivi par Google Analytics en cliquant sur l'ic\u00f4ne&nbsp;<a href=\"https:\/\/tools.google.com\/dlpage\/gaoptout?hl=en=GB\" target=\"_blank\" rel=\"noreferrer noopener\">https:\/\/tools.go ogle.com\/dlpa ge\/gaoptout?hl =en=GB<\/a><br>Si vous d\u00e9sactivez ces cookies, votre utilisation du site web ne sera pas comptabilis\u00e9e et ne sera pas utilis\u00e9e dans les statistiques que nous recueillons pour am\u00e9liorer les services que nous fournissons par le biais du site web. La fonctionnalit\u00e9 du site web ne sera pas affect\u00e9e.<\/p>\n\n\n\n<p>Cookies des fournisseurs de services vid\u00e9o (Google, Vimeo, DailyMotion, etc.)<\/p>\n\n\n\n<p>Ces fournisseurs peuvent placer des cookies sur votre appareil si vous regardez des vid\u00e9os sur notre site web qu'ils nous fournissent en tant que service externe.<br>Si vous d\u00e9sactivez ces cookies, vous risquez de ne pas pouvoir visualiser les vid\u00e9os int\u00e9gr\u00e9es \u00e0 notre site.<\/p>\n\n\n\n<p>Cookies des r\u00e9seaux sociaux<\/p>\n\n\n\n<p>Les r\u00e9seaux sociaux tiers peuvent placer des cookies sur votre appareil si vous choisissez de partager des \u00e9l\u00e9ments de notre site web avec eux en cliquant sur l'un des boutons de \"partage\" int\u00e9gr\u00e9s.<br>Si vous d\u00e9sactivez ces cookies, la fonction \"partager\" ne sera pas disponible.<\/p>\n\n\n\n<p>\u00c0 propos du serveur de ce site web<\/p>\n\n\n\n<p>Tout le trafic web (transfert de fichiers) entre ce site web et votre navigateur est crypt\u00e9 et transf\u00e9r\u00e9 via le protocole HTTPS utilisant le protocole SSL (Secure Sockets Layer).<\/p>\n\n\n\n<p>Nos processeurs de donn\u00e9es tiers<\/p>\n\n\n\n<p>Nous faisons appel \u00e0 un certain nombre de tiers pour traiter les donn\u00e9es personnelles en notre nom. Ces op\u00e9rateurs ont \u00e9t\u00e9 soigneusement s\u00e9lectionn\u00e9s pour se conformer \u00e0 la l\u00e9gislation mentionn\u00e9e dans ce document.<\/p>\n\n\n\n<p>Violations de donn\u00e9es<\/p>\n\n\n\n<p>Pour toute information personnelle stock\u00e9e dans notre base de donn\u00e9es, toutes les mesures n\u00e9cessaires seront prises pour la sauvegarder.<br>Nous signalerons toute violation illicite de la base de donn\u00e9es de ce site web ou de la base de donn\u00e9es de tout tiers charg\u00e9 du traitement des donn\u00e9es \u00e0 toutes les parties directement concern\u00e9es ainsi qu'aux autorit\u00e9s dans les 72 heures suivant la violation, s'il est \u00e9vident que des donn\u00e9es personnelles stock\u00e9es sous une forme identifiable ont \u00e9t\u00e9 vol\u00e9es.<\/p>\n\n\n\n<p>Responsable du traitement des donn\u00e9es<\/p>\n\n\n\n<p>Le contr\u00f4leur des donn\u00e9es de ce site web est : \"Cretan Art Productions Artistic Activities I.K.E.\"<\/p>","protected":false},"excerpt":{"rendered":"<p>\u0397 \u03c7\u03c1\u03ae\u03c3\u03b7 \u03c4\u03c9\u03bd \u03b7\u03bb\u03b5\u03ba\u03c4\u03c1\u03bf\u03bd\u03b9\u03ba\u03ce\u03bd \u03c3\u03b5\u03bb\u03af\u03b4\u03c9\u03bd \u03ba\u03b1\u03b9 \u03c5\u03c0\u03b7\u03c1\u03b5\u03c3\u03b9\u03ce\u03bd \u03c0\u03bf\u03cd \u03c0\u03b1\u03c1\u03ad\u03c7\u03bf\u03bd\u03c4\u03b1\u03b9 \u03c3\u03c4\u03bf\u03bd \u03b5\u03c0\u03b9\u03c3\u03ba\u03ad\u03c0\u03c4\u03b7\/\u03c7\u03c1\u03ae\u03c3\u03c4\u03b7, \u03b1\u03c0\u03cc \u03c4\u03bf\u03bd \u03b9\u03c3\u03c4\u03cc\u03c4\u03bf\u03c0\u03bf www.cretanart.gr \u03b9\u03b4\u03b9\u03bf\u03ba\u03c4\u03b7\u03c3\u03af\u03b1\u03c2 \u03c4\u03b7\u03c2 \u00abCretan Art Productions \u039a\u03b1\u03bb\u03bb\u03b9\u03c4\u03b5\u03c7\u03bd\u03b9\u03ba\u03ad\u03c2 \u0394\u03c1\u03b1\u03c3\u03c4\u03b7\u03c1\u03b9\u03cc\u03c4\u03b7\u03c4\u03b5\u03c2 \u0399.\u039a.\u0395.\u00bb \u03b5\u03c6\u03b5\u03be\u03ae\u03c2 \u00ab\u03b7 \u03b5\u03c4\u03b1\u03b9\u03c1\u03b5\u03af\u03b1\u00bb, \u03c0\u03c1\u03bf\u03cb\u03c0\u03bf\u03b8\u03ad\u03c4\u03b5\u03b9 \u03c4\u03b7\u03bd \u03b1\u03bd\u03b5\u03c0\u03b9\u03c6\u03cd\u03bb\u03b1\u03ba\u03c4\u03b7 \u03c3\u03c5\u03bc\u03c6\u03c9\u03bd\u03af\u03b1 \u03c3\u03b1\u03c2 \u03bc\u03b5 \u03c4\u03b7\u03bd \u03a0\u03bf\u03bb\u03b9\u03c4\u03b9\u03ba\u03ae \u0391\u03c0\u03bf\u03c1\u03c1\u03ae\u03c4\u03bf\u03c5 \u03c0\u03b5\u03c1\u03af \u03a0\u03c1\u03bf\u03c3\u03c4\u03b1\u03c3\u03af\u03b1\u03c2 \u03a0\u03c1\u03bf\u03c3\u03c9\u03c0\u03b9\u03ba\u03ce\u03bd \u0394\u03b5\u03b4\u03bf\u03bc\u03ad\u03bd\u03c9\u03bd \u03c4\u03bf\u03c5 \u03c0\u03b1\u03c1\u03cc\u03bd\u03c4\u03bf\u03c2 \u03b9\u03c3\u03c4\u03cc\u03c4\u03bf\u03c0\u03bf\u03c5. \u03a3\u03c5\u03bd\u03b5\u03c0\u03ce\u03c2, \u03bf \u03b5\u03c0\u03b9\u03c3\u03ba\u03ad\u03c0\u03c4\u03b7\u03c2\/\u03c7\u03c1\u03ae\u03c3\u03c4\u03b7\u03c2 \u03bf\u03c6\u03b5\u03af\u03bb\u03b5\u03b9 \u03bd\u03b1 \u03b4\u03b9\u03b1\u03b2\u03ac\u03c3\u03b5\u03b9 \u03c0\u03c1\u03bf\u03c3\u03b5\u03ba\u03c4\u03b9\u03ba\u03ac \u03c4\u03b1 \u03c0\u03b5\u03c1\u03b9\u03b5\u03c7\u03cc\u03bc\u03b5\u03bd\u03b1 \u03b1\u03c5\u03c4\u03ae\u03c2 \u03c4\u03b7\u03c2 \u03c3\u03b5\u03bb\u03af\u03b4\u03b1\u03c2, \u03c0\u03c1\u03b9\u03bd [&hellip;]<\/p>\n","protected":false},"author":1,"featured_media":19321,"parent":0,"menu_order":0,"comment_status":"closed","ping_status":"open","template":"","meta":{"footnotes":""},"class_list":["post-3","page","type-page","status-publish","has-post-thumbnail","hentry"],"blocksy_meta":{"styles_descriptor":{"styles":{"desktop":"","tablet":"","mobile":""},"google_fonts":[],"version":6}},"_links":{"self":[{"href":"https:\/\/cretanart.gr\/fr\/wp-json\/wp\/v2\/pages\/3","targetHints":{"allow":["GET"]}}],"collection":[{"href":"https:\/\/cretanart.gr\/fr\/wp-json\/wp\/v2\/pages"}],"about":[{"href":"https:\/\/cretanart.gr\/fr\/wp-json\/wp\/v2\/types\/page"}],"author":[{"embeddable":true,"href":"https:\/\/cretanart.gr\/fr\/wp-json\/wp\/v2\/users\/1"}],"replies":[{"embeddable":true,"href":"https:\/\/cretanart.gr\/fr\/wp-json\/wp\/v2\/comments?post=3"}],"version-history":[{"count":3,"href":"https:\/\/cretanart.gr\/fr\/wp-json\/wp\/v2\/pages\/3\/revisions"}],"predecessor-version":[{"id":19376,"href":"https:\/\/cretanart.gr\/fr\/wp-json\/wp\/v2\/pages\/3\/revisions\/19376"}],"wp:featuredmedia":[{"embeddable":true,"href":"https:\/\/cretanart.gr\/fr\/wp-json\/wp\/v2\/media\/19321"}],"wp:attachment":[{"href":"https:\/\/cretanart.gr\/fr\/wp-json\/wp\/v2\/media?parent=3"}],"curies":[{"name":"wp","href":"https:\/\/api.w.org\/{rel}","templated":true}]}}