{"id":7946,"date":"2022-05-07T09:53:14","date_gmt":"2022-05-07T07:53:14","guid":{"rendered":"https:\/\/cretanart.webnestors.com\/?page_id=7946"},"modified":"2025-05-13T10:20:29","modified_gmt":"2025-05-13T08:20:29","slug":"terms-conditions","status":"publish","type":"page","link":"https:\/\/cretanart.gr\/es\/terms-conditions\/","title":{"rendered":"t\u00e9rminos y condiciones"},"content":{"rendered":"<p><strong>GENERAL<\/strong><\/p>\n\n\n\n<p>La utilizaci\u00f3n de las p\u00e1ginas electr\u00f3nicas y servicios prestados al visitante\/usuario por el sitio web www.cretanart.gr propiedad de \"Cretan Art Productions Artistic Activities I.K.E.\" en adelante \"la empresa\", implica su aceptaci\u00f3n incondicional de las siguientes condiciones de uso, que se aplican a la totalidad del contenido de este sitio web. Por lo tanto, el visitante\/usuario debe leer atentamente estas condiciones antes de utilizar los servicios del sitio web y, si no est\u00e1 de acuerdo, no debe utilizar los servicios ni su contenido. Se ruega al visitante\/usuario que compruebe el contenido de las condiciones de uso para detectar posibles cambios. El uso continuado del sitio web www.cretanart.edu.gr incluso despu\u00e9s de cualquier cambio significa la aceptaci\u00f3n incondicional de estos t\u00e9rminos por parte del visitante\/usuario.<\/p>\n\n\n\n<p><strong>CONDICIONES GENERALES<\/strong><\/p>\n\n\n\n<p>El objetivo de nuestra empresa es ofrecer el mejor servicio posible a nuestros clientes. Este sitio web permite a nuestros clientes y a todos los usuarios de Internet informarse directamente sobre los productos que ofrece nuestra empresa.<\/p>\n\n\n\n<p><strong>PROPIEDAD INTELECTUAL<\/strong><\/p>\n\n\n\n<p><strong>Derechos de propiedad intelectual y marca<\/strong><\/p>\n\n\n\n<p>Todo el dise\u00f1o de las p\u00e1ginas web del sitio, los textos, los gr\u00e1ficos, la selecci\u00f3n y la configuraci\u00f3n del sitio son propiedad intelectual de nuestra empresa y est\u00e1n protegidos seg\u00fan las disposiciones pertinentes de la legislaci\u00f3n griega, la legislaci\u00f3n europea y los convenios internacionales. Todos los derechos reservados, cualquier texto o imagen o marca comercial, est\u00e1n registrados y se utilizan en esta tienda online, con el permiso de sus respectivos propietarios.<\/p>\n\n\n\n<p><strong>PROTECCI\u00d3N DE DATOS PERSONALES<\/strong><\/p>\n\n\n\n<p>Puede ver c\u00f3mo utilizamos su informaci\u00f3n en nuestra Declaraci\u00f3n de Privacidad (Pol\u00edtica de Privacidad). La utilizaci\u00f3n de las p\u00e1ginas electr\u00f3nicas y de los servicios prestados al visitante\/usuario por el sitio web www.cretanart.edu.gr implica su aceptaci\u00f3n incondicional de los t\u00e9rminos expuestos en esta Pol\u00edtica de Privacidad.<\/p>\n\n\n\n<p><strong>DECLARACI\u00d3N DE PROTECCI\u00d3N DE DATOS PERSONALES<\/strong><\/p>\n\n\n\n<p>Para llevar a cabo cualquier transacci\u00f3n con nuestra empresa, se solicitar\u00e1 la divulgaci\u00f3n de determinados datos personales del cliente. Al realizar la transacci\u00f3n, se le pedir\u00e1 su nombre completo, su direcci\u00f3n particular, el n\u00famero de un tel\u00e9fono de contacto y su direcci\u00f3n de correo electr\u00f3nico.<\/p>\n\n\n\n<p><strong>\u00bfSE PUEDEN COMUNICAR MIS DATOS A TERCEROS\/OTRAS EMPRESAS?<\/strong><\/p>\n\n\n\n<p>Estos datos son tratados por la empresa en cumplimiento de la aplicaci\u00f3n de la Directiva de Protecci\u00f3n de Datos de la UE de 1995 (DPD), as\u00ed como del Reglamento General de Protecci\u00f3n de Datos de la UE (GDPR) aplicable a partir del 25 de mayo de 2018. Para m\u00e1s detalles, consulte la Declaraci\u00f3n de Privacidad (Pol\u00edtica de Privacidad) en este sitio web.<br>Nuestra empresa utiliza la informaci\u00f3n que usted nos proporciona durante el env\u00edo del formulario en l\u00ednea para ponerse en contacto con usted sobre<\/p>\n\n\n\n<ol class=\"wp-block-list\">\n<li>los planes de estudio de nuestra empresa<\/li>\n\n\n\n<li>las ofertas y novedades de nuestra empresa<\/li>\n\n\n\n<li>los productos nuevos o alternativos que ofrece nuestra empresa<\/li>\n\n\n\n<li>la confirmaci\u00f3n e identificaci\u00f3n del cliente en todos los casos necesarios<\/li>\n<\/ol>\n\n\n\n<p>El registro de sus datos personales significa que usted consiente el uso de estos datos por parte de nuestra empresa para los fines indicados en la Declaraci\u00f3n de Privacidad (Pol\u00edtica de Privacidad).<\/p>\n\n\n\n<p><strong>SEGURIDAD<\/strong><\/p>\n\n\n\n<p>El protocolo Secure Sockets Layer (SSL) es actualmente la norma mundial en Internet para autenticar los sitios web ante los usuarios en l\u00ednea y para cifrar los datos entre los usuarios en l\u00ednea y los servidores web.Una comunicaci\u00f3n SSL cifrada requiere que toda la informaci\u00f3n enviada entre un cliente y un servidor sea cifrada por el software emisor y descifrada por el software receptor, protegiendo as\u00ed la informaci\u00f3n personal durante la transmisi\u00f3n y garantizando que no se transmita al servidor. Adem\u00e1s, toda la informaci\u00f3n enviada mediante el protocolo SSL est\u00e1 protegida por un mecanismo que verifica autom\u00e1ticamente si los datos han sido modificados en tr\u00e1nsito.<br><\/p>\n\n\n\n<p><strong>INSCRIPCI\u00d3N A TRAV\u00c9S DEL SITIO WEB<\/strong><\/p>\n\n\n\n<p>Para inscribirse en uno de los cursos de nuestra empresa a trav\u00e9s de la p\u00e1gina web www.cretanart.edu.gr, se requiere lo siguiente:<\/p>\n\n\n\n<ol class=\"wp-block-list\">\n<li>La cumplimentaci\u00f3n del formulario especial con los datos de registro necesarios<\/li>\n\n\n\n<li>Aceptaci\u00f3n incondicional de los t\u00e9rminos del acuerdo de registro y de las condiciones de uso.<\/li>\n<\/ol>\n\n\n\n<p>Si su registro en l\u00ednea es exitoso, recibir\u00e1 un correo electr\u00f3nico, y luego lo llamaremos a su tel\u00e9fono de contacto para confirmarlo. Nuestra empresa no se hace responsable en caso de que haya introducido sus datos de contacto de forma incorrecta, lo que hace imposible contactar con usted.<\/p>","protected":false},"excerpt":{"rendered":"<p>\u0393\u0395\u039d\u0399\u039a\u0391 \u0397 \u03c7\u03c1\u03ae\u03c3\u03b7 \u03c4\u03c9\u03bd \u03b7\u03bb\u03b5\u03ba\u03c4\u03c1\u03bf\u03bd\u03b9\u03ba\u03ce\u03bd \u03c3\u03b5\u03bb\u03af\u03b4\u03c9\u03bd \u03ba\u03b1\u03b9 \u03c5\u03c0\u03b7\u03c1\u03b5\u03c3\u03b9\u03ce\u03bd \u03c0\u03bf\u03cd \u03c0\u03b1\u03c1\u03ad\u03c7\u03bf\u03bd\u03c4\u03b1\u03b9 \u03c3\u03c4\u03bf\u03bd \u03b5\u03c0\u03b9\u03c3\u03ba\u03ad\u03c0\u03c4\u03b7\/\u03c7\u03c1\u03ae\u03c3\u03c4\u03b7, \u03b1\u03c0\u03cc \u03c4\u03bf\u03bd \u03b9\u03c3\u03c4\u03cc\u03c4\u03bf\u03c0\u03bf www.cretanart.gr \u03b9\u03b4\u03b9\u03bf\u03ba\u03c4\u03b7\u03c3\u03af\u03b1\u03c2 \u03c4\u03b7\u03c2 \u00abCretan Art Productions \u039a\u03b1\u03bb\u03bb\u03b9\u03c4\u03b5\u03c7\u03bd\u03b9\u03ba\u03ad\u03c2 \u0394\u03c1\u03b1\u03c3\u03c4\u03b7\u03c1\u03b9\u03cc\u03c4\u03b7\u03c4\u03b5\u03c2 \u0399.\u039a.\u0395.\u00bb \u03b5\u03c6\u03b5\u03be\u03ae\u03c2 \u00ab\u03b7 \u03b5\u03c4\u03b1\u03b9\u03c1\u03b5\u03af\u03b1\u00bb, \u03c0\u03c1\u03bf\u03cb\u03c0\u03bf\u03b8\u03ad\u03c4\u03b5\u03b9 \u03c4\u03b7\u03bd \u03b1\u03bd\u03b5\u03c0\u03b9\u03c6\u03cd\u03bb\u03b1\u03ba\u03c4\u03b7 \u03c3\u03c5\u03bc\u03c6\u03c9\u03bd\u03af\u03b1 \u03c3\u03b1\u03c2 \u03bc\u03b5 \u03c4\u03bf\u03c5\u03c2 \u03c0\u03b1\u03c1\u03b1\u03ba\u03ac\u03c4\u03c9 \u03cc\u03c1\u03bf\u03c5\u03c2 \u03c7\u03c1\u03ae\u03c3\u03b7\u03c2, \u03c0\u03bf\u03c5 \u03b9\u03c3\u03c7\u03cd\u03bf\u03c5\u03bd \u03b3\u03b9\u03b1 \u03c4\u03bf \u03c3\u03cd\u03bd\u03bf\u03bb\u03bf \u03c4\u03bf\u03c5 \u03c0\u03b5\u03c1\u03b9\u03b5\u03c7\u03bf\u03bc\u03ad\u03bd\u03bf\u03c5 \u03c4\u03bf\u03c5 \u03c3\u03c5\u03b3\u03ba\u03b5\u03ba\u03c1\u03b9\u03bc\u03ad\u03bd\u03bf\u03c5 \u03b9\u03c3\u03c4\u03cc\u03c4\u03bf\u03c0\u03bf\u03c5. \u03a3\u03c5\u03bd\u03b5\u03c0\u03ce\u03c2, \u03bf \u03b5\u03c0\u03b9\u03c3\u03ba\u03ad\u03c0\u03c4\u03b7\u03c2\/\u03c7\u03c1\u03ae\u03c3\u03c4\u03b7\u03c2 \u03bf\u03c6\u03b5\u03af\u03bb\u03b5\u03b9 \u03bd\u03b1 \u03b4\u03b9\u03b1\u03b2\u03ac\u03c3\u03b5\u03b9 \u03c0\u03c1\u03bf\u03c3\u03b5\u03ba\u03c4\u03b9\u03ba\u03ac \u03c4\u03bf\u03c5\u03c2 [&hellip;]<\/p>\n","protected":false},"author":1,"featured_media":19321,"parent":0,"menu_order":0,"comment_status":"closed","ping_status":"closed","template":"","meta":{"footnotes":""},"class_list":["post-7946","page","type-page","status-publish","has-post-thumbnail","hentry"],"blocksy_meta":{"styles_descriptor":{"styles":{"desktop":"","tablet":"","mobile":""},"google_fonts":[],"version":6}},"_links":{"self":[{"href":"https:\/\/cretanart.gr\/es\/wp-json\/wp\/v2\/pages\/7946","targetHints":{"allow":["GET"]}}],"collection":[{"href":"https:\/\/cretanart.gr\/es\/wp-json\/wp\/v2\/pages"}],"about":[{"href":"https:\/\/cretanart.gr\/es\/wp-json\/wp\/v2\/types\/page"}],"author":[{"embeddable":true,"href":"https:\/\/cretanart.gr\/es\/wp-json\/wp\/v2\/users\/1"}],"replies":[{"embeddable":true,"href":"https:\/\/cretanart.gr\/es\/wp-json\/wp\/v2\/comments?post=7946"}],"version-history":[{"count":2,"href":"https:\/\/cretanart.gr\/es\/wp-json\/wp\/v2\/pages\/7946\/revisions"}],"predecessor-version":[{"id":19314,"href":"https:\/\/cretanart.gr\/es\/wp-json\/wp\/v2\/pages\/7946\/revisions\/19314"}],"wp:featuredmedia":[{"embeddable":true,"href":"https:\/\/cretanart.gr\/es\/wp-json\/wp\/v2\/media\/19321"}],"wp:attachment":[{"href":"https:\/\/cretanart.gr\/es\/wp-json\/wp\/v2\/media?parent=7946"}],"curies":[{"name":"wp","href":"https:\/\/api.w.org\/{rel}","templated":true}]}}