{"id":3,"date":"2021-06-26T08:23:22","date_gmt":"2021-06-26T08:23:22","guid":{"rendered":"https:\/\/cretanart.webnestors.com\/?page_id=3"},"modified":"2025-05-14T15:23:58","modified_gmt":"2025-05-14T13:23:58","slug":"privacy-policy","status":"publish","type":"page","link":"https:\/\/cretanart.gr\/es\/privacy-policy\/","title":{"rendered":"pol\u00edtica de privacidad"},"content":{"rendered":"<p>La utilizaci\u00f3n de las p\u00e1ginas electr\u00f3nicas y servicios prestados al visitante\/usuario por el sitio web www.cretanart.gr propiedad de \"Cretan Art Productions Artistic Activities I.K.E.\" en adelante \"la empresa\", implica su conformidad incondicional con la Pol\u00edtica de Privacidad sobre Protecci\u00f3n de Datos de Car\u00e1cter Personal de este sitio web. Por lo tanto, el visitante\/usuario debe leer atentamente el contenido de esta p\u00e1gina antes de utilizar los servicios de nuestro sitio web. Si no est\u00e1 de acuerdo, debe abandonarla y NO hacer uso de sus servicios y contenidos.<br>Esta pol\u00edtica de privacidad puede cambiar de vez en cuando de acuerdo con la legislaci\u00f3n o la evoluci\u00f3n de la industria. No informaremos expl\u00edcitamente de estos cambios a nuestros clientes o usuarios de nuestra p\u00e1gina web. En su lugar, le recomendamos que consulte esta p\u00e1gina de vez en cuando para comprobar si se han producido cambios en esta pol\u00edtica de privacidad. El uso continuado del sitio web www.cretanart.gr, incluso despu\u00e9s de cualquier cambio en la pol\u00edtica de privacidad, constituye su aceptaci\u00f3n incondicional de estos t\u00e9rminos.<\/p>\n\n\n\n<p>Protecci\u00f3n de datos personales<\/p>\n\n\n\n<p>Recogemos y procesamos sus datos personales s\u00f3lo cuando es absolutamente necesario.<br>Nunca venderemos, alquilaremos, distribuiremos ni divulgaremos de ning\u00fan modo sus datos personales.<br>Si eres menor de 16 a\u00f1os, DEBES tener el consentimiento de tus padres antes de utilizar los servicios de este sitio web.<\/p>\n\n\n\n<p>Legislaci\u00f3n pertinente<\/p>\n\n\n\n<p>Junto con nuestros sistemas inform\u00e1ticos internos, este sitio web est\u00e1 dise\u00f1ado para cumplir con las leyes\/reglamentos relativos a la protecci\u00f3n de los datos personales de los usuarios:<\/p>\n\n\n\n<ol class=\"wp-block-list\">\n<li>Directiva de protecci\u00f3n de datos de la UE de 1995 (DPD)<\/li>\n\n\n\n<li>Reglamento general de protecci\u00f3n de datos de la UE de 2018 (GDPR)<\/li>\n<\/ol>\n\n\n\n<p>Informaci\u00f3n personal que este sitio recoge y por qu\u00e9 la recogemos<\/p>\n\n\n\n<p>Este sitio web recoge y utiliza informaci\u00f3n personal para los siguientes fines:<\/p>\n\n\n\n<p>Seguimiento del tr\u00e1fico del sitio web<\/p>\n\n\n\n<p>Al igual que la mayor\u00eda de los sitios web, \u00e9ste utiliza Google Analytics (GA) para rastrear la actividad de los usuarios. Utilizamos estos datos para determinar el n\u00famero de personas que utilizan nuestro sitio, para entender mejor c\u00f3mo encuentran y utilizan nuestros sitios web, y para ver su recorrido por el sitio. Aunque GA registra datos como su ubicaci\u00f3n geogr\u00e1fica, su dispositivo, su navegador de Internet y su sistema operativo, ninguna de estas informaciones hace que le conozcamos personalmente. GA tambi\u00e9n registra la direcci\u00f3n IP de su ordenador, que podr\u00eda utilizarse para identificarle, pero Google no nos proporciona acceso a ella. Consideramos que Google es un controlador de datos de terceros que cumple con los requisitos de la legislaci\u00f3n europea.<\/p>\n\n\n\n<p>Formularios de contacto y enlaces de correo electr\u00f3nico<\/p>\n\n\n\n<p>Si decide ponerse en contacto con nosotros mediante un formulario de contacto o un enlace de correo electr\u00f3nico, ninguno de los datos que proporcione ser\u00e1 almacenado por este sitio web ni transferido o procesado por ning\u00fan procesador de datos de terceros, tal como se define m\u00e1s adelante en la secci\u00f3n \"Nuestros procesadores de datos de terceros\". En cambio, estos datos nos ser\u00e1n enviados por un mensaje de correo electr\u00f3nico a trav\u00e9s del SMTP (Simple Mail Transfer Protocol). Nuestros servidores SMTP est\u00e1n protegidos por el protocolo de seguridad TLS (a veces conocido como SSL), lo que significa que el contenido del correo electr\u00f3nico se encripta antes de ser enviado por Internet. El contenido del correo electr\u00f3nico es descifrado por nuestros ordenadores y dispositivos locales.<\/p>\n\n\n\n<p>Acerca de las galletas<\/p>\n\n\n\n<p>\u00bfQu\u00e9 es una galleta?<\/p>\n\n\n\n<p>El t\u00e9rmino \"cookie\" se refiere a un peque\u00f1o archivo de datos que consiste \u00fanicamente en una serie de informaci\u00f3n textual que el sitio web transfiere al navegador situado en el disco duro de su ordenador, ya sea temporalmente durante su visita o a veces durante per\u00edodos m\u00e1s largos, dependiendo del tipo de cookie. Las cookies realizan varias funciones (por ejemplo, le distinguen de otros visitantes del mismo sitio web o recuerdan ciertas cosas sobre usted, como sus preferencias) y son utilizadas por la mayor\u00eda de los sitios web para mejorar su experiencia como usuario.<br>Cada cookie es \u00fanica para su navegador y contiene cierta informaci\u00f3n an\u00f3nima. Una cookie suele contener el nombre del dominio del que procede, la \"vida\" de la cookie y un valor (normalmente en forma de n\u00famero \u00fanico generado aleatoriamente).<\/p>\n\n\n\n<p>Tipos de cookies<\/p>\n\n\n\n<p>A continuaci\u00f3n se describen los principales tipos de cookies que pueden utilizar los sitios web:<\/p>\n\n\n\n<ul class=\"wp-block-list\">\n<li>Cookies de sesi\u00f3n Son cookies temporales que permanecen en el archivo de cookies de su navegador en su dispositivo s\u00f3lo durante su visita y se eliminan cuando cierra el navegador.<\/li>\n\n\n\n<li>Cookies persistentes Estas permanecen en el archivo de cookies del navegador de su dispositivo incluso despu\u00e9s de cerrar el navegador, a veces durante un a\u00f1o o m\u00e1s (el tiempo exacto de permanencia depende de la vida \u00fatil de cada cookie).Las cookies persistentes se utilizan cuando el administrador del sitio web puede necesitar saber qui\u00e9n es usted durante m\u00e1s de una visita (por ejemplo, para recordar su nombre de usuario o sus preferencias de configuraci\u00f3n del sitio web).<\/li>\n\n\n\n<li>Cookies de origen Son cookies que el sitio web que est\u00e1 visitando instala en su navegador y\/o en el disco duro de su dispositivo. Se trata de asignarle un identificador \u00fanico con el fin de hacer un seguimiento de su navegaci\u00f3n por el sitio web. Los operadores de sitios web suelen utilizar cookies de origen para gestionar las visitas y con fines de identificaci\u00f3n.<\/li>\n\n\n\n<li>Cookies de terceros Se trata de cookies utilizadas por terceros, como las redes sociales, para hacer un seguimiento de sus visitas a los distintos sitios web en los que se anuncian. El administrador del sitio no tiene control sobre estas cookies de terceros.<\/li>\n<\/ul>\n\n\n\n<p>Cookies en este sitio y c\u00f3mo gestionarlas<\/p>\n\n\n\n<p>En este sitio web, utilizamos cookies para mejorar la experiencia de uso del sitio web para sus visitantes. La funcionalidad del sitio web se ver\u00e1 significativamente afectada si usted desactiva o no acepta el uso de cookies.<br>A continuaci\u00f3n encontrar\u00e1 informaci\u00f3n sobre las cookies de terceros que utilizamos en este sitio web, incluyendo c\u00f3mo desactivarlas y el efecto de su desactivaci\u00f3n en el funcionamiento del sitio web. Si desea m\u00e1s informaci\u00f3n sobre c\u00f3mo gestionar ciertos tipos de cookies, incluyendo c\u00f3mo controlarlas o eliminarlas, visite:&nbsp;<a href=\"http:\/\/www.aboutcookies.org\/\" target=\"_blank\" rel=\"noreferrer noopener\">www.aboutcookies.org&nbsp;<\/a>.<\/p>\n\n\n\n<p>Cookies de Google Analytics<\/p>\n\n\n\n<p>Las cookies de Google Analytics son cookies anal\u00edticas\/de seguimiento del rendimiento que nos permiten recopilar informaci\u00f3n an\u00f3nima sobre c\u00f3mo los visitantes utilizan nuestro sitio web. Estas cookies pueden informarnos sobre el n\u00famero de visitantes que utilizan el sitio, la hora y la duraci\u00f3n del acceso, y tambi\u00e9n proporcionan informaci\u00f3n sobre c\u00f3mo los visitantes navegan a diferentes partes del sitio. Esta informaci\u00f3n nos ayuda a mejorar el funcionamiento de nuestro sitio web. Se trata de informaci\u00f3n an\u00f3nima y no contiene datos personales.<br>La informaci\u00f3n recopilada por las cookies de Google Analytics sobre nuestro sitio web se transfiere y se almacena en los servidores de Google de acuerdo con la pol\u00edtica de privacidad de Google.<br>Para obtener m\u00e1s informaci\u00f3n sobre Google Analytics, haga clic en&nbsp;<a href=\"https:\/\/support.google.com\/analytics\/answer\/6004245\" target=\"_blank\" rel=\"noreferrer noopener\">https:\/\/support.google.com\/analytics\/answer\/6004245<\/a><br>Puede desactivar el seguimiento por parte de Google Analytics haciendo clic en el bot\u00f3n&nbsp;<a href=\"https:\/\/tools.google.com\/dlpage\/gaoptout?hl=en=GB\" target=\"_blank\" rel=\"noreferrer noopener\">https:\/\/tools.go ogle.com\/dlpa ge\/gaoptout?hl =en=GB<\/a><br>Si desactiva estas cookies, su uso del sitio web no se contabilizar\u00e1, ni se utilizar\u00e1 en las estad\u00edsticas que recopilamos para mejorar los servicios que ofrecemos a trav\u00e9s del sitio web. La funcionalidad del sitio web no se ver\u00e1 afectada.<\/p>\n\n\n\n<p>Cookies de proveedores de servicios de v\u00eddeo (Google, Vimeo, DailyMotion, etc.)<\/p>\n\n\n\n<p>Estos proveedores pueden colocar cookies en su dispositivo si ve v\u00eddeos en nuestro sitio web que nos proporcionan como servicio externo.<br>Si desactiva estas cookies, es posible que no pueda ver los v\u00eddeos incrustados de nuestro sitio.<\/p>\n\n\n\n<p>Cookies de redes sociales<\/p>\n\n\n\n<p>Las redes sociales de terceros pueden colocar cookies en su dispositivo si decide compartir material de nuestro sitio web con ellos haciendo clic en uno de los botones de \"compartir\" incrustados.<br>Si desactiva estas cookies, la funci\u00f3n \"compartir\" no estar\u00e1 disponible.<\/p>\n\n\n\n<p>Sobre el servidor de este sitio web<\/p>\n\n\n\n<p>Todo el tr\u00e1fico web (transferencia de archivos) entre este sitio web y su navegador est\u00e1 encriptado y se transfiere a trav\u00e9s del protocolo HTTPS utilizando SSL (Secure Sockets Layer).<\/p>\n\n\n\n<p>Nuestros procesadores de datos de terceros<\/p>\n\n\n\n<p>Recurrimos a una serie de terceros para que traten los datos personales por nosotros. Estos operadores han sido cuidadosamente seleccionados para cumplir con la legislaci\u00f3n mencionada en este documento.<\/p>\n\n\n\n<p>Violaci\u00f3n de datos<\/p>\n\n\n\n<p>Para cualquier informaci\u00f3n personal almacenada en nuestra base de datos, se tomar\u00e1n todas las medidas necesarias para salvaguardarla.<br>Informaremos de cualquier violaci\u00f3n ilegal de la base de datos de este sitio web o de la base de datos de cualquier procesador de datos de terceros a todas y cada una de las partes directamente implicadas, as\u00ed como a las autoridades, en un plazo de 72 horas desde la violaci\u00f3n, si es obvio que los datos personales almacenados de forma identificable han sido robados.<\/p>\n\n\n\n<p>Controlador de datos<\/p>\n\n\n\n<p>El responsable del tratamiento de datos de este sitio web es: \"Cretan Art Productions Actividades Art\u00edsticas I.K.E.\"<\/p>","protected":false},"excerpt":{"rendered":"<p>\u0397 \u03c7\u03c1\u03ae\u03c3\u03b7 \u03c4\u03c9\u03bd \u03b7\u03bb\u03b5\u03ba\u03c4\u03c1\u03bf\u03bd\u03b9\u03ba\u03ce\u03bd \u03c3\u03b5\u03bb\u03af\u03b4\u03c9\u03bd \u03ba\u03b1\u03b9 \u03c5\u03c0\u03b7\u03c1\u03b5\u03c3\u03b9\u03ce\u03bd \u03c0\u03bf\u03cd \u03c0\u03b1\u03c1\u03ad\u03c7\u03bf\u03bd\u03c4\u03b1\u03b9 \u03c3\u03c4\u03bf\u03bd \u03b5\u03c0\u03b9\u03c3\u03ba\u03ad\u03c0\u03c4\u03b7\/\u03c7\u03c1\u03ae\u03c3\u03c4\u03b7, \u03b1\u03c0\u03cc \u03c4\u03bf\u03bd \u03b9\u03c3\u03c4\u03cc\u03c4\u03bf\u03c0\u03bf www.cretanart.gr \u03b9\u03b4\u03b9\u03bf\u03ba\u03c4\u03b7\u03c3\u03af\u03b1\u03c2 \u03c4\u03b7\u03c2 \u00abCretan Art Productions \u039a\u03b1\u03bb\u03bb\u03b9\u03c4\u03b5\u03c7\u03bd\u03b9\u03ba\u03ad\u03c2 \u0394\u03c1\u03b1\u03c3\u03c4\u03b7\u03c1\u03b9\u03cc\u03c4\u03b7\u03c4\u03b5\u03c2 \u0399.\u039a.\u0395.\u00bb \u03b5\u03c6\u03b5\u03be\u03ae\u03c2 \u00ab\u03b7 \u03b5\u03c4\u03b1\u03b9\u03c1\u03b5\u03af\u03b1\u00bb, \u03c0\u03c1\u03bf\u03cb\u03c0\u03bf\u03b8\u03ad\u03c4\u03b5\u03b9 \u03c4\u03b7\u03bd \u03b1\u03bd\u03b5\u03c0\u03b9\u03c6\u03cd\u03bb\u03b1\u03ba\u03c4\u03b7 \u03c3\u03c5\u03bc\u03c6\u03c9\u03bd\u03af\u03b1 \u03c3\u03b1\u03c2 \u03bc\u03b5 \u03c4\u03b7\u03bd \u03a0\u03bf\u03bb\u03b9\u03c4\u03b9\u03ba\u03ae \u0391\u03c0\u03bf\u03c1\u03c1\u03ae\u03c4\u03bf\u03c5 \u03c0\u03b5\u03c1\u03af \u03a0\u03c1\u03bf\u03c3\u03c4\u03b1\u03c3\u03af\u03b1\u03c2 \u03a0\u03c1\u03bf\u03c3\u03c9\u03c0\u03b9\u03ba\u03ce\u03bd \u0394\u03b5\u03b4\u03bf\u03bc\u03ad\u03bd\u03c9\u03bd \u03c4\u03bf\u03c5 \u03c0\u03b1\u03c1\u03cc\u03bd\u03c4\u03bf\u03c2 \u03b9\u03c3\u03c4\u03cc\u03c4\u03bf\u03c0\u03bf\u03c5. \u03a3\u03c5\u03bd\u03b5\u03c0\u03ce\u03c2, \u03bf \u03b5\u03c0\u03b9\u03c3\u03ba\u03ad\u03c0\u03c4\u03b7\u03c2\/\u03c7\u03c1\u03ae\u03c3\u03c4\u03b7\u03c2 \u03bf\u03c6\u03b5\u03af\u03bb\u03b5\u03b9 \u03bd\u03b1 \u03b4\u03b9\u03b1\u03b2\u03ac\u03c3\u03b5\u03b9 \u03c0\u03c1\u03bf\u03c3\u03b5\u03ba\u03c4\u03b9\u03ba\u03ac \u03c4\u03b1 \u03c0\u03b5\u03c1\u03b9\u03b5\u03c7\u03cc\u03bc\u03b5\u03bd\u03b1 \u03b1\u03c5\u03c4\u03ae\u03c2 \u03c4\u03b7\u03c2 \u03c3\u03b5\u03bb\u03af\u03b4\u03b1\u03c2, \u03c0\u03c1\u03b9\u03bd [&hellip;]<\/p>\n","protected":false},"author":1,"featured_media":19321,"parent":0,"menu_order":0,"comment_status":"closed","ping_status":"open","template":"","meta":{"footnotes":""},"class_list":["post-3","page","type-page","status-publish","has-post-thumbnail","hentry"],"blocksy_meta":{"styles_descriptor":{"styles":{"desktop":"","tablet":"","mobile":""},"google_fonts":[],"version":6}},"_links":{"self":[{"href":"https:\/\/cretanart.gr\/es\/wp-json\/wp\/v2\/pages\/3","targetHints":{"allow":["GET"]}}],"collection":[{"href":"https:\/\/cretanart.gr\/es\/wp-json\/wp\/v2\/pages"}],"about":[{"href":"https:\/\/cretanart.gr\/es\/wp-json\/wp\/v2\/types\/page"}],"author":[{"embeddable":true,"href":"https:\/\/cretanart.gr\/es\/wp-json\/wp\/v2\/users\/1"}],"replies":[{"embeddable":true,"href":"https:\/\/cretanart.gr\/es\/wp-json\/wp\/v2\/comments?post=3"}],"version-history":[{"count":3,"href":"https:\/\/cretanart.gr\/es\/wp-json\/wp\/v2\/pages\/3\/revisions"}],"predecessor-version":[{"id":19376,"href":"https:\/\/cretanart.gr\/es\/wp-json\/wp\/v2\/pages\/3\/revisions\/19376"}],"wp:featuredmedia":[{"embeddable":true,"href":"https:\/\/cretanart.gr\/es\/wp-json\/wp\/v2\/media\/19321"}],"wp:attachment":[{"href":"https:\/\/cretanart.gr\/es\/wp-json\/wp\/v2\/media?parent=3"}],"curies":[{"name":"wp","href":"https:\/\/api.w.org\/{rel}","templated":true}]}}