{"id":7946,"date":"2022-05-07T09:53:14","date_gmt":"2022-05-07T07:53:14","guid":{"rendered":"https:\/\/cretanart.webnestors.com\/?page_id=7946"},"modified":"2025-05-13T10:20:29","modified_gmt":"2025-05-13T08:20:29","slug":"terms-conditions","status":"publish","type":"page","link":"https:\/\/cretanart.gr\/de\/terms-conditions\/","title":{"rendered":"Bedingungen und Konditionen"},"content":{"rendered":"<p><strong>ALLGEMEINES<\/strong><\/p>\n\n\n\n<p>Die Nutzung der elektronischen Seiten und Dienstleistungen, die dem Besucher\/Nutzer auf der Website www.cretanart.gr von \"Cretan Art Productions Artistic Activities I.K.E.\" im Folgenden als \"das Unternehmen\" bezeichnet, setzt Ihr bedingungsloses Einverst\u00e4ndnis mit den folgenden Nutzungsbedingungen voraus, die f\u00fcr den gesamten Inhalt dieser Website gelten. Daher muss der Besucher\/Nutzer diese Bedingungen sorgf\u00e4ltig lesen, bevor er die Dienste der Website in Anspruch nimmt, und wenn er\/sie nicht einverstanden ist, darf er\/sie die Dienste und ihren Inhalt nicht nutzen. Der Besucher\/Nutzer wird gebeten, den Inhalt der Nutzungsbedingungen auf m\u00f6gliche \u00c4nderungen zu \u00fcberpr\u00fcfen. Die fortgesetzte Nutzung der Website www.cretanart.edu.gr auch nach etwaigen \u00c4nderungen bedeutet die bedingungslose Annahme dieser Bedingungen durch den Besucher\/Nutzer.<\/p>\n\n\n\n<p><strong>ALLGEMEINE GESCH\u00c4FTSBEDINGUNGEN<\/strong><\/p>\n\n\n\n<p>Das Ziel unseres Unternehmens ist es, unseren Kunden den bestm\u00f6glichen Service zu bieten. Diese Website erm\u00f6glicht es sowohl unseren Kunden als auch allen Internetnutzern, sich direkt \u00fcber die von unserem Unternehmen angebotenen Produkte zu informieren.<\/p>\n\n\n\n<p><strong>GEISTIGES EIGENTUM<\/strong><\/p>\n\n\n\n<p><strong>Rechte an geistigem Eigentum und Warenzeichen<\/strong><\/p>\n\n\n\n<p>Das gesamte Design der Webseiten der Website, die Texte, die Grafiken, die Auswahl und die Einstellungen der Website sind geistiges Eigentum unseres Unternehmens und sind gem\u00e4\u00df den einschl\u00e4gigen Bestimmungen des griechischen Rechts, des europ\u00e4ischen Rechts und der internationalen Konventionen gesch\u00fctzt. Alle Rechte vorbehalten, jeder Text oder Bild oder Marke, sind registriert und in diesem Online-Shop verwendet, mit der Erlaubnis der jeweiligen Eigent\u00fcmer.<\/p>\n\n\n\n<p><strong>SCHUTZ DER PERSONENBEZOGENEN DATEN<\/strong><\/p>\n\n\n\n<p>Wie wir Ihre Daten verwenden, k\u00f6nnen Sie in unserer Datenschutzerkl\u00e4rung nachlesen. Die Nutzung der elektronischen Seiten und Dienste, die dem Besucher\/Nutzer auf der Website www.cretanart.edu.gr zur Verf\u00fcgung gestellt werden, setzt die uneingeschr\u00e4nkte Zustimmung zu den in dieser Datenschutzrichtlinie genannten Bedingungen voraus.<\/p>\n\n\n\n<p><strong>ERKL\u00c4RUNG ZUM SCHUTZ PERSONENBEZOGENER DATEN<\/strong><\/p>\n\n\n\n<p>Um eine Transaktion mit unserem Unternehmen durchf\u00fchren zu k\u00f6nnen, wird die Bekanntgabe bestimmter pers\u00f6nlicher Daten des Kunden verlangt. Bei der Durchf\u00fchrung der Transaktion werden Ihr vollst\u00e4ndiger Name, Ihre Wohnanschrift, die Nummer eines Kontakttelefons und Ihre E-Mail-Adresse abgefragt.<\/p>\n\n\n\n<p><strong>K\u00d6NNEN MEINE DATEN AN DRITTE\/ANDERE UNTERNEHMEN WEITERGEGEBEN WERDEN?<\/strong><\/p>\n\n\n\n<p>Diese Daten werden vom Unternehmen in \u00dcbereinstimmung mit der Anwendung der EU-Datenschutzrichtlinie von 1995 (DPD) sowie der ab 25. Mai 2018 geltenden EU-Datenschutzgrundverordnung (GDPR) verarbeitet. Weitere Einzelheiten entnehmen Sie bitte der Datenschutzerkl\u00e4rung (Privacy Policy) auf dieser Website.<br>Unser Unternehmen nutzt die Informationen, die Sie uns bei der Online-\u00dcbermittlung des Formulars geben, um mit Ihnen Kontakt aufzunehmen \u00fcber<\/p>\n\n\n\n<ol class=\"wp-block-list\">\n<li>die Lehrpl\u00e4ne unseres Unternehmens<\/li>\n\n\n\n<li>die Sonderangebote und Neuigkeiten unseres Unternehmens<\/li>\n\n\n\n<li>die neuen oder alternativen Produkte, die von unserem Unternehmen angeboten werden<\/li>\n\n\n\n<li>die Best\u00e4tigung und Identifizierung des Kunden in allen notwendigen F\u00e4llen<\/li>\n<\/ol>\n\n\n\n<p>Mit der Registrierung Ihrer pers\u00f6nlichen Daten erkl\u00e4ren Sie sich mit der Verwendung dieser Daten durch unser Unternehmen zu den in der Datenschutzerkl\u00e4rung genannten Zwecken einverstanden.<\/p>\n\n\n\n<p><strong>SICHERHEIT<\/strong><\/p>\n\n\n\n<p>Das Secure Sockets Layer (SSL)-Protokoll ist derzeit der weltweite Standard im Internet f\u00fcr die Authentifizierung von Websites gegen\u00fcber Online-Benutzern und f\u00fcr die Verschl\u00fcsselung von Daten zwischen Online-Benutzern und Webservern. Dar\u00fcber hinaus werden alle \u00fcber das SSL-Protokoll gesendeten Informationen durch einen Mechanismus gesch\u00fctzt, der automatisch \u00fcberpr\u00fcft, ob die Daten w\u00e4hrend der \u00dcbertragung ver\u00e4ndert wurden.<br><\/p>\n\n\n\n<p><strong>ANMELDUNG \u00dcBER DIE WEBSITE<\/strong><\/p>\n\n\n\n<p>Um sich \u00fcber die Website www.cretanart.edu.gr f\u00fcr eines der Studienprogramme unseres Unternehmens einzuschreiben, sind folgende Voraussetzungen zu erf\u00fcllen:<\/p>\n\n\n\n<ol class=\"wp-block-list\">\n<li>Das Ausf\u00fcllen des speziellen Formulars mit den erforderlichen Anmeldedaten<\/li>\n\n\n\n<li>Unbedingte Zustimmung zu den Bedingungen der Registrierungsvereinbarung und den Nutzungsbedingungen.<\/li>\n<\/ol>\n\n\n\n<p>Wenn Ihre Online-Anmeldung erfolgreich war, erhalten Sie eine E-Mail, und wir rufen Sie auf Ihrem Mobiltelefon zur Best\u00e4tigung an. Unser Unternehmen ist nicht verantwortlich f\u00fcr den Fall, dass Sie Ihre Kontaktdaten falsch eingegeben haben, so dass es unm\u00f6glich ist, Sie zu kontaktieren.<\/p>","protected":false},"excerpt":{"rendered":"<p>\u0393\u0395\u039d\u0399\u039a\u0391 \u0397 \u03c7\u03c1\u03ae\u03c3\u03b7 \u03c4\u03c9\u03bd \u03b7\u03bb\u03b5\u03ba\u03c4\u03c1\u03bf\u03bd\u03b9\u03ba\u03ce\u03bd \u03c3\u03b5\u03bb\u03af\u03b4\u03c9\u03bd \u03ba\u03b1\u03b9 \u03c5\u03c0\u03b7\u03c1\u03b5\u03c3\u03b9\u03ce\u03bd \u03c0\u03bf\u03cd \u03c0\u03b1\u03c1\u03ad\u03c7\u03bf\u03bd\u03c4\u03b1\u03b9 \u03c3\u03c4\u03bf\u03bd \u03b5\u03c0\u03b9\u03c3\u03ba\u03ad\u03c0\u03c4\u03b7\/\u03c7\u03c1\u03ae\u03c3\u03c4\u03b7, \u03b1\u03c0\u03cc \u03c4\u03bf\u03bd \u03b9\u03c3\u03c4\u03cc\u03c4\u03bf\u03c0\u03bf www.cretanart.gr \u03b9\u03b4\u03b9\u03bf\u03ba\u03c4\u03b7\u03c3\u03af\u03b1\u03c2 \u03c4\u03b7\u03c2 \u00abCretan Art Productions \u039a\u03b1\u03bb\u03bb\u03b9\u03c4\u03b5\u03c7\u03bd\u03b9\u03ba\u03ad\u03c2 \u0394\u03c1\u03b1\u03c3\u03c4\u03b7\u03c1\u03b9\u03cc\u03c4\u03b7\u03c4\u03b5\u03c2 \u0399.\u039a.\u0395.\u00bb \u03b5\u03c6\u03b5\u03be\u03ae\u03c2 \u00ab\u03b7 \u03b5\u03c4\u03b1\u03b9\u03c1\u03b5\u03af\u03b1\u00bb, \u03c0\u03c1\u03bf\u03cb\u03c0\u03bf\u03b8\u03ad\u03c4\u03b5\u03b9 \u03c4\u03b7\u03bd \u03b1\u03bd\u03b5\u03c0\u03b9\u03c6\u03cd\u03bb\u03b1\u03ba\u03c4\u03b7 \u03c3\u03c5\u03bc\u03c6\u03c9\u03bd\u03af\u03b1 \u03c3\u03b1\u03c2 \u03bc\u03b5 \u03c4\u03bf\u03c5\u03c2 \u03c0\u03b1\u03c1\u03b1\u03ba\u03ac\u03c4\u03c9 \u03cc\u03c1\u03bf\u03c5\u03c2 \u03c7\u03c1\u03ae\u03c3\u03b7\u03c2, \u03c0\u03bf\u03c5 \u03b9\u03c3\u03c7\u03cd\u03bf\u03c5\u03bd \u03b3\u03b9\u03b1 \u03c4\u03bf \u03c3\u03cd\u03bd\u03bf\u03bb\u03bf \u03c4\u03bf\u03c5 \u03c0\u03b5\u03c1\u03b9\u03b5\u03c7\u03bf\u03bc\u03ad\u03bd\u03bf\u03c5 \u03c4\u03bf\u03c5 \u03c3\u03c5\u03b3\u03ba\u03b5\u03ba\u03c1\u03b9\u03bc\u03ad\u03bd\u03bf\u03c5 \u03b9\u03c3\u03c4\u03cc\u03c4\u03bf\u03c0\u03bf\u03c5. \u03a3\u03c5\u03bd\u03b5\u03c0\u03ce\u03c2, \u03bf \u03b5\u03c0\u03b9\u03c3\u03ba\u03ad\u03c0\u03c4\u03b7\u03c2\/\u03c7\u03c1\u03ae\u03c3\u03c4\u03b7\u03c2 \u03bf\u03c6\u03b5\u03af\u03bb\u03b5\u03b9 \u03bd\u03b1 \u03b4\u03b9\u03b1\u03b2\u03ac\u03c3\u03b5\u03b9 \u03c0\u03c1\u03bf\u03c3\u03b5\u03ba\u03c4\u03b9\u03ba\u03ac \u03c4\u03bf\u03c5\u03c2 [&hellip;]<\/p>\n","protected":false},"author":1,"featured_media":19321,"parent":0,"menu_order":0,"comment_status":"closed","ping_status":"closed","template":"","meta":{"footnotes":""},"class_list":["post-7946","page","type-page","status-publish","has-post-thumbnail","hentry"],"blocksy_meta":{"styles_descriptor":{"styles":{"desktop":"","tablet":"","mobile":""},"google_fonts":[],"version":6}},"_links":{"self":[{"href":"https:\/\/cretanart.gr\/de\/wp-json\/wp\/v2\/pages\/7946","targetHints":{"allow":["GET"]}}],"collection":[{"href":"https:\/\/cretanart.gr\/de\/wp-json\/wp\/v2\/pages"}],"about":[{"href":"https:\/\/cretanart.gr\/de\/wp-json\/wp\/v2\/types\/page"}],"author":[{"embeddable":true,"href":"https:\/\/cretanart.gr\/de\/wp-json\/wp\/v2\/users\/1"}],"replies":[{"embeddable":true,"href":"https:\/\/cretanart.gr\/de\/wp-json\/wp\/v2\/comments?post=7946"}],"version-history":[{"count":2,"href":"https:\/\/cretanart.gr\/de\/wp-json\/wp\/v2\/pages\/7946\/revisions"}],"predecessor-version":[{"id":19314,"href":"https:\/\/cretanart.gr\/de\/wp-json\/wp\/v2\/pages\/7946\/revisions\/19314"}],"wp:featuredmedia":[{"embeddable":true,"href":"https:\/\/cretanart.gr\/de\/wp-json\/wp\/v2\/media\/19321"}],"wp:attachment":[{"href":"https:\/\/cretanart.gr\/de\/wp-json\/wp\/v2\/media?parent=7946"}],"curies":[{"name":"wp","href":"https:\/\/api.w.org\/{rel}","templated":true}]}}