{"id":3,"date":"2021-06-26T08:23:22","date_gmt":"2021-06-26T08:23:22","guid":{"rendered":"https:\/\/cretanart.webnestors.com\/?page_id=3"},"modified":"2025-05-14T15:23:58","modified_gmt":"2025-05-14T13:23:58","slug":"privacy-policy","status":"publish","type":"page","link":"https:\/\/cretanart.gr\/de\/privacy-policy\/","title":{"rendered":"Datenschutzbestimmungen"},"content":{"rendered":"<p>Die Nutzung der elektronischen Seiten und Dienstleistungen, die dem Besucher\/Nutzer auf der Website www.cretanart.gr von \"Cretan Art Productions Artistic Activities I.K.E.\" nachstehend \"das Unternehmen\" genannt, setzt Ihr bedingungsloses Einverst\u00e4ndnis mit der Datenschutzpolitik zum Schutz personenbezogener Daten dieser Website voraus. Daher muss der Besucher\/Nutzer den Inhalt dieser Seite sorgf\u00e4ltig lesen, bevor er die Dienste unserer Website nutzt. Wenn er\/sie nicht damit einverstanden ist, sollte er\/sie die Seite verlassen und KEINEN Gebrauch von den Diensten und Inhalten machen.<br>Diese Datenschutzpolitik kann sich von Zeit zu Zeit im Einklang mit der Gesetzgebung oder den Entwicklungen in der Branche \u00e4ndern. Wir werden unsere Kunden oder Nutzer unserer Website nicht ausdr\u00fccklich \u00fcber diese \u00c4nderungen informieren. Stattdessen empfehlen wir Ihnen, diese Seite gelegentlich auf \u00c4nderungen dieser Datenschutzrichtlinie zu \u00fcberpr\u00fcfen. Die fortgesetzte Nutzung der Website www.cretanart.gr, auch nach etwaigen \u00c4nderungen der Datenschutzrichtlinie, stellt Ihre uneingeschr\u00e4nkte Zustimmung zu diesen Bedingungen dar.<\/p>\n\n\n\n<p>Schutz von personenbezogenen Daten<\/p>\n\n\n\n<p>Wir erheben und verarbeiten Ihre personenbezogenen Daten nur, wenn dies unbedingt erforderlich ist.<br>Wir werden Ihre pers\u00f6nlichen Daten niemals verkaufen, vermieten, verteilen oder in irgendeiner Weise weitergeben.<br>Wenn Sie unter 16 Jahre alt sind, M\u00dcSSEN Sie die Zustimmung Ihrer Eltern haben, bevor Sie die Dienste dieser Website nutzen.<\/p>\n\n\n\n<p>Einschl\u00e4gige Rechtsvorschriften<\/p>\n\n\n\n<p>Zusammen mit unseren internen IT-Systemen ist diese Website so konzipiert, dass sie den Gesetzen\/Verordnungen zum Schutz der personenbezogenen Daten der Nutzer entspricht:<\/p>\n\n\n\n<ol class=\"wp-block-list\">\n<li>EU-Datenschutzrichtlinie 1995 (DPD)<\/li>\n\n\n\n<li>EU-Datenschutzgrundverordnung 2018 (GDPR)<\/li>\n<\/ol>\n\n\n\n<p>Pers\u00f6nliche Daten, die diese Website sammelt und warum wir sie sammeln<\/p>\n\n\n\n<p>Diese Website sammelt und verwendet personenbezogene Daten f\u00fcr die folgenden Zwecke:<\/p>\n\n\n\n<p>\u00dcberwachung des Website-Verkehrs<\/p>\n\n\n\n<p>Wie die meisten Websites verwendet auch diese Google Analytics (GA), um die Nutzeraktivit\u00e4ten zu verfolgen. Wir verwenden diese Daten, um die Anzahl der Nutzer unserer Website zu ermitteln, um besser zu verstehen, wie sie unsere Websites finden und nutzen, und um zu sehen, wie sie sich auf der Website bewegen. Obwohl GA Daten wie Ihren geografischen Standort, Ihr Ger\u00e4t, Ihren Internetbrowser und Ihr Betriebssystem aufzeichnet, sind Sie uns durch keine dieser Informationen pers\u00f6nlich bekannt. GA zeichnet auch die IP-Adresse Ihres Computers auf, die dazu verwendet werden k\u00f6nnte, Sie zu identifizieren, aber Google gew\u00e4hrt uns keinen Zugang zu dieser Adresse. Wir betrachten Google als einen dritten f\u00fcr die Datenverarbeitung Verantwortlichen, der die Anforderungen des europ\u00e4ischen Rechts erf\u00fcllt.<\/p>\n\n\n\n<p>Kontaktformulare und E-Mail-Links<\/p>\n\n\n\n<p>Wenn Sie uns \u00fcber ein Kontaktformular oder einen E-Mail-Link kontaktieren, werden keine der von Ihnen angegebenen Daten von dieser Website gespeichert oder an Dritte weitergegeben oder von diesen verarbeitet, wie unten im Abschnitt \"Unsere dritten Datenverarbeiter\" definiert. Stattdessen werden diese Daten mit einer E-Mail-Nachricht \u00fcber das SMTP (Simple Mail Transfer Protocol) an uns gesendet. Unsere SMTP-Server sind durch das TLS-Sicherheitsprotokoll (manchmal auch als SSL bekannt) gesch\u00fctzt, was bedeutet, dass der E-Mail-Inhalt verschl\u00fcsselt wird, bevor er \u00fcber das Internet gesendet wird. Die E-Mail-Inhalte werden von unseren lokalen Computern und Ger\u00e4ten entschl\u00fcsselt.<\/p>\n\n\n\n<p>\u00dcber Cookies<\/p>\n\n\n\n<p>Was ist ein Keks?<\/p>\n\n\n\n<p>Der Begriff \"Cookie\" bezieht sich auf eine kleine Datendatei, die ausschlie\u00dflich aus einer Reihe von Textinformationen besteht, die die Website an den Webbrowser auf der Festplatte Ihres Computers \u00fcbertr\u00e4gt, entweder vor\u00fcbergehend w\u00e4hrend Ihres Besuchs oder manchmal f\u00fcr l\u00e4ngere Zeitr\u00e4ume, je nach Art des Cookies. Cookies erf\u00fcllen verschiedene Funktionen (z. B. unterscheiden sie Sie von anderen Besuchern derselben Website oder speichern bestimmte Dinge \u00fcber Sie, wie z. B. Ihre Pr\u00e4ferenzen) und werden von den meisten Websites verwendet, um Ihre Erfahrungen als Nutzer zu verbessern.<br>Jedes Cookie ist einzigartig f\u00fcr Ihren Browser und enth\u00e4lt bestimmte anonyme Informationen. Ein Cookie enth\u00e4lt in der Regel den Namen der Dom\u00e4ne, von der das Cookie stammt, die \"Lebensdauer\" des Cookies und einen Wert (in der Regel in Form einer zuf\u00e4llig generierten eindeutigen Zahl).<\/p>\n\n\n\n<p>Arten von Cookies<\/p>\n\n\n\n<p>Die wichtigsten Arten von Cookies, die Websites verwenden k\u00f6nnen, werden im Folgenden beschrieben:<\/p>\n\n\n\n<ul class=\"wp-block-list\">\n<li>Sitzungscookies Dies sind tempor\u00e4re Cookies, die nur w\u00e4hrend Ihres Besuchs in der Cookie-Datei Ihres Browsers auf Ihrem Ger\u00e4t verbleiben und gel\u00f6scht werden, wenn Sie den Browser schlie\u00dfen.<\/li>\n\n\n\n<li>Dauerhafte Cookies Diese verbleiben in der Cookie-Datei des Browsers Ihres Ger\u00e4ts auch nach dem Schlie\u00dfen des Browsers, manchmal f\u00fcr ein Jahr oder l\u00e4nger (die genaue Verweildauer h\u00e4ngt von der Lebensdauer des jeweiligen Cookies ab). dauerhafte Cookies werden verwendet, wenn der Website-Administrator wissen muss, wer Sie bei mehr als einem Besuch sind (z. B. um sich Ihren Benutzernamen oder Ihre Pr\u00e4ferenzen f\u00fcr die Website-Konfiguration zu merken).<\/li>\n\n\n\n<li>Erstanbieter-Cookies Dies sind Cookies, die von der Website, die Sie besuchen, in Ihrem Browser und\/oder auf der Festplatte Ihres Ger\u00e4ts installiert werden. Dies bedeutet, dass Ihnen eine eindeutige Kennung zugewiesen wird, um Ihren Besuch auf der Website zu verfolgen. Die Betreiber von Websites verwenden h\u00e4ufig Cookies von Erstanbietern, um Besuche zu verwalten und um sie zu identifizieren.<\/li>\n\n\n\n<li>Cookies von Dritten Dies sind Cookies, die von Dritten, wie z. B. sozialen Netzwerken, verwendet werden, um Ihre Besuche auf den verschiedenen Websites, auf denen sie werben, zu verfolgen. Der Administrator der Website hat keine Kontrolle \u00fcber diese Cookies von Dritten.<\/li>\n<\/ul>\n\n\n\n<p>Cookies auf dieser Website und wie man sie verwaltet<\/p>\n\n\n\n<p>Auf dieser Website verwenden wir Cookies, um die Nutzung der Website f\u00fcr ihre Besucher zu verbessern. Die Funktionalit\u00e4t der Website wird erheblich beeintr\u00e4chtigt, wenn Sie die Verwendung von Cookies deaktivieren oder nicht akzeptieren.<br>Nachfolgend finden Sie Informationen \u00fcber die Cookies von Drittanbietern, die wir auf dieser Website verwenden, sowie dar\u00fcber, wie Sie diese Cookies deaktivieren k\u00f6nnen und welche Auswirkungen die Deaktivierung auf den Betrieb der Website hat. Wenn Sie weitere Informationen dar\u00fcber w\u00fcnschen, wie Sie bestimmte Arten von Cookies verwalten k\u00f6nnen, einschlie\u00dflich der M\u00f6glichkeit, sie zu kontrollieren oder zu l\u00f6schen, besuchen Sie bitte unsere Website:&nbsp;<a href=\"http:\/\/www.aboutcookies.org\/\" target=\"_blank\" rel=\"noreferrer noopener\">www.aboutcookies.org&nbsp;<\/a>.<\/p>\n\n\n\n<p>Google Analytics-Cookies<\/p>\n\n\n\n<p>Google Analytics-Cookies sind Analyse-\/Leistungsverfolgungs-Cookies, die es uns erm\u00f6glichen, anonyme Informationen dar\u00fcber zu sammeln, wie Besucher unsere Website nutzen. Diese Cookies k\u00f6nnen uns Aufschluss dar\u00fcber geben, wie viele Besucher die Website nutzen, wann und wie lange sie darauf zugreifen, und sie liefern auch Informationen dar\u00fcber, wie die Besucher zu den verschiedenen Teilen der Website navigieren. Diese Informationen helfen uns, die Funktionsweise unserer Website zu verbessern. Es handelt sich um anonyme Informationen, die keine personenbezogenen Daten enthalten.<br>Die von Google Analytics-Cookies \u00fcber unsere Website gesammelten Informationen werden an die Server von Google \u00fcbertragen und dort gem\u00e4\u00df den Datenschutzbestimmungen von Google gespeichert.<br>F\u00fcr weitere Informationen zu Google Analytics klicken Sie bitte auf&nbsp;<a href=\"https:\/\/support.google.com\/analytics\/answer\/6004245\" target=\"_blank\" rel=\"noreferrer noopener\">https:\/\/support.google.com\/analytics\/answer\/6004245<\/a><br>Sie k\u00f6nnen das Tracking durch Google Analytics deaktivieren, indem Sie auf die Schaltfl\u00e4che&nbsp;<a href=\"https:\/\/tools.google.com\/dlpage\/gaoptout?hl=en=GB\" target=\"_blank\" rel=\"noreferrer noopener\">https:\/\/tools.go ogle.com\/dlpa ge\/gaoptout?hl =de=GB<\/a><br>Wenn Sie diese Cookies deaktivieren, wird Ihre Nutzung der Website nicht gez\u00e4hlt und auch nicht in die Statistiken aufgenommen, die wir zur Verbesserung der von uns auf der Website angebotenen Dienste erstellen. Die Funktionalit\u00e4t der Website wird dadurch nicht beeintr\u00e4chtigt.<\/p>\n\n\n\n<p>Cookies von Videodienstanbietern (Google, Vimeo, DailyMotion, usw.)<\/p>\n\n\n\n<p>Diese Anbieter k\u00f6nnen Cookies auf Ihrem Ger\u00e4t platzieren, wenn Sie Videos auf unserer Website ansehen, die sie uns als externen Dienst zur Verf\u00fcgung stellen.<br>Wenn Sie diese Cookies deaktivieren, k\u00f6nnen Sie m\u00f6glicherweise keine eingebetteten Videos von unserer Website ansehen.<\/p>\n\n\n\n<p>Cookies von sozialen Netzwerken<\/p>\n\n\n\n<p>Soziale Netzwerke von Drittanbietern k\u00f6nnen Cookies auf Ihrem Ger\u00e4t ablegen, wenn Sie sich daf\u00fcr entscheiden, Material von unserer Website mit ihnen zu teilen, indem Sie auf eine der eingebetteten \"Teilen\"-Schaltfl\u00e4chen klicken.<br>Wenn Sie diese Cookies deaktivieren, wird die Funktion \"Teilen\" nicht verf\u00fcgbar sein.<\/p>\n\n\n\n<p>\u00dcber den Server dieser Website<\/p>\n\n\n\n<p>Der gesamte Webverkehr (Datei\u00fcbertragung) zwischen dieser Website und Ihrem Browser wird verschl\u00fcsselt und \u00fcber das HTTPS-Protokoll mit SSL (Secure Sockets Layer) \u00fcbertragen.<\/p>\n\n\n\n<p>Unsere externen Datenverarbeiter<\/p>\n\n\n\n<p>Wir setzen eine Reihe von Dritten ein, um personenbezogene Daten f\u00fcr uns zu verarbeiten. Diese Betreiber wurden sorgf\u00e4ltig ausgew\u00e4hlt, um die in diesem Dokument genannten Rechtsvorschriften einzuhalten.<\/p>\n\n\n\n<p>Datenschutzverletzungen<\/p>\n\n\n\n<p>F\u00fcr alle in unserer Datenbank gespeicherten personenbezogenen Daten werden alle erforderlichen Ma\u00dfnahmen zu deren Schutz getroffen.<br>Wir werden jede unrechtm\u00e4\u00dfige Verletzung der Datenbank dieser Website oder der Datenbank eines dritten Datenverarbeiters allen direkt Betroffenen sowie den Beh\u00f6rden innerhalb von 72 Stunden nach der Verletzung melden, wenn es offensichtlich ist, dass in identifizierbarer Form gespeicherte personenbezogene Daten gestohlen wurden.<\/p>\n\n\n\n<p>Verantwortlicher f\u00fcr die Datenverarbeitung<\/p>\n\n\n\n<p>Der Inhaber der Datenverarbeitung auf dieser Website ist: \"Cretan Art Productions Artistic Activities I.K.E.\"<\/p>","protected":false},"excerpt":{"rendered":"<p>\u0397 \u03c7\u03c1\u03ae\u03c3\u03b7 \u03c4\u03c9\u03bd \u03b7\u03bb\u03b5\u03ba\u03c4\u03c1\u03bf\u03bd\u03b9\u03ba\u03ce\u03bd \u03c3\u03b5\u03bb\u03af\u03b4\u03c9\u03bd \u03ba\u03b1\u03b9 \u03c5\u03c0\u03b7\u03c1\u03b5\u03c3\u03b9\u03ce\u03bd \u03c0\u03bf\u03cd \u03c0\u03b1\u03c1\u03ad\u03c7\u03bf\u03bd\u03c4\u03b1\u03b9 \u03c3\u03c4\u03bf\u03bd \u03b5\u03c0\u03b9\u03c3\u03ba\u03ad\u03c0\u03c4\u03b7\/\u03c7\u03c1\u03ae\u03c3\u03c4\u03b7, \u03b1\u03c0\u03cc \u03c4\u03bf\u03bd \u03b9\u03c3\u03c4\u03cc\u03c4\u03bf\u03c0\u03bf www.cretanart.gr \u03b9\u03b4\u03b9\u03bf\u03ba\u03c4\u03b7\u03c3\u03af\u03b1\u03c2 \u03c4\u03b7\u03c2 \u00abCretan Art Productions \u039a\u03b1\u03bb\u03bb\u03b9\u03c4\u03b5\u03c7\u03bd\u03b9\u03ba\u03ad\u03c2 \u0394\u03c1\u03b1\u03c3\u03c4\u03b7\u03c1\u03b9\u03cc\u03c4\u03b7\u03c4\u03b5\u03c2 \u0399.\u039a.\u0395.\u00bb \u03b5\u03c6\u03b5\u03be\u03ae\u03c2 \u00ab\u03b7 \u03b5\u03c4\u03b1\u03b9\u03c1\u03b5\u03af\u03b1\u00bb, \u03c0\u03c1\u03bf\u03cb\u03c0\u03bf\u03b8\u03ad\u03c4\u03b5\u03b9 \u03c4\u03b7\u03bd \u03b1\u03bd\u03b5\u03c0\u03b9\u03c6\u03cd\u03bb\u03b1\u03ba\u03c4\u03b7 \u03c3\u03c5\u03bc\u03c6\u03c9\u03bd\u03af\u03b1 \u03c3\u03b1\u03c2 \u03bc\u03b5 \u03c4\u03b7\u03bd \u03a0\u03bf\u03bb\u03b9\u03c4\u03b9\u03ba\u03ae \u0391\u03c0\u03bf\u03c1\u03c1\u03ae\u03c4\u03bf\u03c5 \u03c0\u03b5\u03c1\u03af \u03a0\u03c1\u03bf\u03c3\u03c4\u03b1\u03c3\u03af\u03b1\u03c2 \u03a0\u03c1\u03bf\u03c3\u03c9\u03c0\u03b9\u03ba\u03ce\u03bd \u0394\u03b5\u03b4\u03bf\u03bc\u03ad\u03bd\u03c9\u03bd \u03c4\u03bf\u03c5 \u03c0\u03b1\u03c1\u03cc\u03bd\u03c4\u03bf\u03c2 \u03b9\u03c3\u03c4\u03cc\u03c4\u03bf\u03c0\u03bf\u03c5. \u03a3\u03c5\u03bd\u03b5\u03c0\u03ce\u03c2, \u03bf \u03b5\u03c0\u03b9\u03c3\u03ba\u03ad\u03c0\u03c4\u03b7\u03c2\/\u03c7\u03c1\u03ae\u03c3\u03c4\u03b7\u03c2 \u03bf\u03c6\u03b5\u03af\u03bb\u03b5\u03b9 \u03bd\u03b1 \u03b4\u03b9\u03b1\u03b2\u03ac\u03c3\u03b5\u03b9 \u03c0\u03c1\u03bf\u03c3\u03b5\u03ba\u03c4\u03b9\u03ba\u03ac \u03c4\u03b1 \u03c0\u03b5\u03c1\u03b9\u03b5\u03c7\u03cc\u03bc\u03b5\u03bd\u03b1 \u03b1\u03c5\u03c4\u03ae\u03c2 \u03c4\u03b7\u03c2 \u03c3\u03b5\u03bb\u03af\u03b4\u03b1\u03c2, \u03c0\u03c1\u03b9\u03bd [&hellip;]<\/p>\n","protected":false},"author":1,"featured_media":19321,"parent":0,"menu_order":0,"comment_status":"closed","ping_status":"open","template":"","meta":{"footnotes":""},"class_list":["post-3","page","type-page","status-publish","has-post-thumbnail","hentry"],"blocksy_meta":{"styles_descriptor":{"styles":{"desktop":"","tablet":"","mobile":""},"google_fonts":[],"version":6}},"_links":{"self":[{"href":"https:\/\/cretanart.gr\/de\/wp-json\/wp\/v2\/pages\/3","targetHints":{"allow":["GET"]}}],"collection":[{"href":"https:\/\/cretanart.gr\/de\/wp-json\/wp\/v2\/pages"}],"about":[{"href":"https:\/\/cretanart.gr\/de\/wp-json\/wp\/v2\/types\/page"}],"author":[{"embeddable":true,"href":"https:\/\/cretanart.gr\/de\/wp-json\/wp\/v2\/users\/1"}],"replies":[{"embeddable":true,"href":"https:\/\/cretanart.gr\/de\/wp-json\/wp\/v2\/comments?post=3"}],"version-history":[{"count":3,"href":"https:\/\/cretanart.gr\/de\/wp-json\/wp\/v2\/pages\/3\/revisions"}],"predecessor-version":[{"id":19376,"href":"https:\/\/cretanart.gr\/de\/wp-json\/wp\/v2\/pages\/3\/revisions\/19376"}],"wp:featuredmedia":[{"embeddable":true,"href":"https:\/\/cretanart.gr\/de\/wp-json\/wp\/v2\/media\/19321"}],"wp:attachment":[{"href":"https:\/\/cretanart.gr\/de\/wp-json\/wp\/v2\/media?parent=3"}],"curies":[{"name":"wp","href":"https:\/\/api.w.org\/{rel}","templated":true}]}}